{"id":192,"date":"2022-10-16T18:25:13","date_gmt":"2022-10-16T18:25:13","guid":{"rendered":"https:\/\/www.decorel.ch\/?page_id=192"},"modified":"2022-11-02T14:20:20","modified_gmt":"2022-11-02T14:20:20","slug":"hauptgang-varianten","status":"publish","type":"page","link":"https:\/\/www.decorel.ch\/?page_id=192","title":{"rendered":"Men\u00fc &#8211; Varianten"},"content":{"rendered":"\n<p class=\"has-text-color\" style=\"color:#ffbd5a;font-size:25px\"><strong>PASTAPLAUSCH<\/strong><\/p>\n\n\n\n<p class=\"has-text-color\" style=\"color:#ffbd5a\">Penne mit 3 Saucen &amp; Parmesan<br>Bolognese, Pesto &amp; Cinque Pi&nbsp;&nbsp;&nbsp;&nbsp;&nbsp;&nbsp;&nbsp;&nbsp;&nbsp;&nbsp;&nbsp;&nbsp;&nbsp;&nbsp;&nbsp;&nbsp;&nbsp;&nbsp;&nbsp;&nbsp;<\/p>\n\n\n\n<p class=\"has-text-color\" style=\"color:#ffbd5a\">Penne mit 5 Saucen &amp; Parmesan<br>Bolognese, Pesto, Cinque Pi, Carbonara &amp; Lachs&nbsp;<\/p>\n\n\n\n<div class=\"wp-block-group is-nowrap is-layout-flex wp-container-core-group-is-layout-ad2f72ca wp-block-group-is-layout-flex\"><\/div>\n\n\n\n<p class=\"has-text-color\" style=\"color:#ffbd5a;font-size:25px\"><strong>SALATBUFFET<\/strong><\/p>\n\n\n\n<p class=\"has-text-color has-normal-font-size\" style=\"color:#ffbd5a\">ca. 5 verschiedene Salate<br>(Je nach Saison, Wunsch und Vorspeise\/ Ap\u00e9ro)<\/p>\n\n\n\n<p class=\"has-text-color\" style=\"color:#ffbd5a\">Pastasalat, Reissalat, Tomaten-Mozzarellasalat, Linsen-Apfelsalat, Kartoffelsalat, gr\u00fcner Blattsalat, R\u00fceblisalat, Gurkensalat, Griechischer Salat, Maissalat<\/p>\n\n\n\n<p class=\"has-text-color\" style=\"color:#ffbd5a;font-size:25px\"><strong>mit&nbsp;verschiedenen Fleisch-Varianten: <\/strong>&nbsp;&nbsp;&nbsp;<\/p>\n\n\n\n<p class=\"has-text-color\" style=\"color:#ffbd5a\"><strong>Ofenfleischk\u00e4se<\/strong><br>Ketchup, Senf &amp; Brot<\/p>\n\n\n\n<p class=\"has-text-color\" style=\"color:#ffbd5a\"><strong>Grilladen<\/strong><br>Saucen, Kr\u00e4uterbutter &amp; Brot&nbsp;<br><br><strong>Spiessligrill<\/strong><br>Saucen &amp; Brot <br><br><strong>Schinken im Brotteig<\/strong><br>mit Senf&nbsp;&nbsp;&nbsp;<\/p>\n\n\n\n<p class=\"has-text-color\" style=\"color:#ffbd5a\"><strong>Filet im Teig<\/strong><br>mit Saucen<\/p>\n\n\n\n<div class=\"wp-block-group is-nowrap is-layout-flex wp-container-core-group-is-layout-ad2f72ca wp-block-group-is-layout-flex\"><\/div>\n\n\n\n<p class=\"has-text-color\" style=\"color:#ffbd5a;font-size:25px\"><strong>RACLETTEPLAUSCH <\/strong><\/p>\n\n\n\n<p class=\"has-text-color\" style=\"color:#ffbd5a\">K\u00e4seauswahl, Kartoffeln, 2-3 Saucen, Gem\u00fcsedip, Zwiebeln, <br>Baguette &amp; Gew\u00fcrz&nbsp;&nbsp;&nbsp;<br>&nbsp;<\/p>\n\n\n\n<p><\/p>\n\n\n\n<div class=\"wp-block-group is-nowrap is-layout-flex wp-container-core-group-is-layout-ad2f72ca wp-block-group-is-layout-flex\"><\/div>\n\n\n\n<p class=\"has-text-color\" style=\"color:#ffbd5a;font-size:25px\"><strong>FONDUE CHINOISE <\/strong><\/p>\n\n\n\n<p class=\"has-text-color\" style=\"color:#ffbd5a\">Rindfleischm\u00f6ckli, Pouletst\u00fccke, auf Wunsch mit Schweinefleisch, Reis, Chips &amp; Gem\u00fcsedip<br>5 Saucen, Br\u00f6tli &amp; Bouillon<br><\/p>\n\n\n\n<div class=\"wp-block-group is-nowrap is-layout-flex wp-container-core-group-is-layout-ad2f72ca wp-block-group-is-layout-flex\"><\/div>\n\n\n\n<p class=\"has-text-color\" style=\"color:#ffbd5a;font-size:25px\"><strong>GSCHWELLTI<\/strong><\/p>\n\n\n\n<p class=\"has-text-color\" style=\"color:#ffbd5a\">mit K\u00e4se, Vitello tonnato, Gem\u00fcsedip, Mayonnaise, Kr\u00e4uterquark, Butter &amp; Brot&nbsp;&nbsp;<\/p>\n\n\n\n<div class=\"wp-block-group is-nowrap is-layout-flex wp-container-core-group-is-layout-ad2f72ca wp-block-group-is-layout-flex\"><\/div>\n\n\n\n<p class=\"has-text-color\" style=\"color:#ffbd5a;font-size:25px\"><strong>GEM\u00dcSECURRY ODER POULETCURRY<\/strong><\/p>\n\n\n\n<p class=\"has-text-color\" style=\"color:#ffbd5a\">mit Reis, Fr\u00fcchten &amp; ger\u00f6steten Mandeln<br><\/p>\n\n\n\n<div class=\"wp-block-group is-nowrap is-layout-flex wp-container-core-group-is-layout-ad2f72ca wp-block-group-is-layout-flex\"><\/div>\n\n\n\n<p class=\"has-text-color\" style=\"color:#ffbd5a;font-size:25px\"><strong>KN\u00d6PFLI ODER REIS MIT STROGANOFF <\/strong><\/p>\n\n\n\n<p class=\"has-text-color has-normal-font-size\" style=\"color:#ffbd5a\">wahlweise mit Rind oder Pilzen&nbsp;&nbsp;<\/p>\n\n\n\n<div class=\"wp-block-group is-nowrap is-layout-flex wp-container-core-group-is-layout-ad2f72ca wp-block-group-is-layout-flex\"><\/div>\n\n\n\n<p class=\"has-text-color\" style=\"color:#ffbd5a;font-size:25px\"><strong>SAISONGEM\u00dcSE &amp;  KARTOFFELN<\/strong> <strong>MIT<\/strong><br><strong>GEBRATENEM CAMEMBERT ODER FLEISCH<\/strong><\/p>\n\n\n\n<p class=\"has-text-color\" style=\"color:#ffbd5a\">Fleischauswahl siehe oben<\/p>\n\n\n\n<p class=\"has-text-color\" style=\"color:#ffbd5a;font-size:25px\"><br><\/p>\n","protected":false},"excerpt":{"rendered":"<p>PASTAPLAUSCH Penne mit 3 Saucen &amp; ParmesanBolognese, Pesto &amp; Cinque Pi&nbsp;&nbsp;&nbsp;&nbsp;&nbsp;&nbsp;&nbsp;&nbsp;&nbsp;&nbsp;&nbsp;&nbsp;&nbsp;&nbsp;&nbsp;&nbsp;&nbsp;&nbsp;&nbsp;&nbsp; Penne mit 5 Saucen &amp; ParmesanBolognese, Pesto, Cinque Pi, Carbonara &amp; Lachs&nbsp; SALATBUFFET ca. 5 verschiedene Salate(Je nach Saison, Wunsch und Vorspeise\/ Ap\u00e9ro) Pastasalat, Reissalat, Tomaten-Mozzarellasalat, Linsen-Apfelsalat, Kartoffelsalat, gr\u00fcner Blattsalat, R\u00fceblisalat, Gurkensalat, Griechischer Salat, Maissalat mit&nbsp;verschiedenen Fleisch-Varianten: &nbsp;&nbsp;&nbsp; Ofenfleischk\u00e4seKetchup, Senf &amp; Brot GrilladenSaucen, Kr\u00e4uterbutter&hellip; <a class=\"more-link\" href=\"https:\/\/www.decorel.ch\/?page_id=192\">Continue reading <span class=\"screen-reader-text\">Men\u00fc &#8211; Varianten<\/span><\/a><\/p>\n","protected":false},"author":1,"featured_media":0,"parent":0,"menu_order":0,"comment_status":"closed","ping_status":"closed","template":"","meta":{"ngg_post_thumbnail":0,"footnotes":""},"class_list":["post-192","page","type-page","status-publish","hentry","entry"],"yoast_head":"<!-- This site is optimized with the Yoast SEO plugin v27.5 - https:\/\/yoast.com\/product\/yoast-seo-wordpress\/ -->\n<title>Men\u00fc - Varianten - Decorel<\/title>\n<meta name=\"description\" content=\"Catering - Organisation - Dekoration. Catering Region Schaffhausen, Winterthur und Frauenfeld. Speziell und indivduell, Augenschmaus und Gaumentanz, klein aber fein. Das Decorel Dream-Team Marisabel Widmer und Nicole Uehlinger.\" \/>\n<meta name=\"robots\" content=\"index, follow, max-snippet:-1, max-image-preview:large, max-video-preview:-1\" \/>\n<link rel=\"canonical\" href=\"https:\/\/www.decorel.ch\/?page_id=192\" \/>\n<meta property=\"og:locale\" content=\"de_DE\" \/>\n<meta property=\"og:type\" content=\"article\" \/>\n<meta property=\"og:title\" content=\"Men\u00fc - Varianten - Decorel\" \/>\n<meta property=\"og:description\" content=\"Catering - Organisation - Dekoration. Catering Region Schaffhausen, Winterthur und Frauenfeld. Speziell und indivduell, Augenschmaus und Gaumentanz, klein aber fein. Das Decorel Dream-Team Marisabel Widmer und Nicole Uehlinger.\" \/>\n<meta property=\"og:url\" content=\"https:\/\/www.decorel.ch\/?page_id=192\" \/>\n<meta property=\"og:site_name\" content=\"Decorel\" \/>\n<meta property=\"article:modified_time\" content=\"2022-11-02T14:20:20+00:00\" \/>\n<meta name=\"twitter:card\" content=\"summary_large_image\" \/>\n<meta name=\"twitter:label1\" content=\"Gesch\u00e4tzte Lesezeit\" \/>\n\t<meta name=\"twitter:data1\" content=\"1\u00a0Minute\" \/>\n<script type=\"application\/ld+json\" class=\"yoast-schema-graph\">{\"@context\":\"https:\\\/\\\/schema.org\",\"@graph\":[{\"@type\":\"WebPage\",\"@id\":\"https:\\\/\\\/www.decorel.ch\\\/?page_id=192\",\"url\":\"https:\\\/\\\/www.decorel.ch\\\/?page_id=192\",\"name\":\"Men\u00fc - Varianten - Decorel\",\"isPartOf\":{\"@id\":\"https:\\\/\\\/www.decorel.ch\\\/#website\"},\"datePublished\":\"2022-10-16T18:25:13+00:00\",\"dateModified\":\"2022-11-02T14:20:20+00:00\",\"description\":\"Catering - Organisation - Dekoration. Catering Region Schaffhausen, Winterthur und Frauenfeld. Speziell und indivduell, Augenschmaus und Gaumentanz, klein aber fein. Das Decorel Dream-Team Marisabel Widmer und Nicole Uehlinger.\",\"breadcrumb\":{\"@id\":\"https:\\\/\\\/www.decorel.ch\\\/?page_id=192#breadcrumb\"},\"inLanguage\":\"de-CH\",\"potentialAction\":[{\"@type\":\"ReadAction\",\"target\":[\"https:\\\/\\\/www.decorel.ch\\\/?page_id=192\"]}]},{\"@type\":\"BreadcrumbList\",\"@id\":\"https:\\\/\\\/www.decorel.ch\\\/?page_id=192#breadcrumb\",\"itemListElement\":[{\"@type\":\"ListItem\",\"position\":1,\"name\":\"Home\",\"item\":\"https:\\\/\\\/www.decorel.ch\\\/\"},{\"@type\":\"ListItem\",\"position\":2,\"name\":\"Men\u00fc &#8211; Varianten\"}]},{\"@type\":\"WebSite\",\"@id\":\"https:\\\/\\\/www.decorel.ch\\\/#website\",\"url\":\"https:\\\/\\\/www.decorel.ch\\\/\",\"name\":\"Decorel\",\"description\":\"\",\"publisher\":{\"@id\":\"https:\\\/\\\/www.decorel.ch\\\/#organization\"},\"potentialAction\":[{\"@type\":\"SearchAction\",\"target\":{\"@type\":\"EntryPoint\",\"urlTemplate\":\"https:\\\/\\\/www.decorel.ch\\\/?s={search_term_string}\"},\"query-input\":{\"@type\":\"PropertyValueSpecification\",\"valueRequired\":true,\"valueName\":\"search_term_string\"}}],\"inLanguage\":\"de-CH\"},{\"@type\":\"Organization\",\"@id\":\"https:\\\/\\\/www.decorel.ch\\\/#organization\",\"name\":\"Decorel\",\"alternateName\":\"Marisabel Nicole\",\"url\":\"https:\\\/\\\/www.decorel.ch\\\/\",\"logo\":{\"@type\":\"ImageObject\",\"inLanguage\":\"de-CH\",\"@id\":\"https:\\\/\\\/www.decorel.ch\\\/#\\\/schema\\\/logo\\\/image\\\/\",\"url\":\"https:\\\/\\\/www.decorel.ch\\\/wp-content\\\/uploads\\\/2022\\\/10\\\/cropped-Decorel_logo_klein.png\",\"contentUrl\":\"https:\\\/\\\/www.decorel.ch\\\/wp-content\\\/uploads\\\/2022\\\/10\\\/cropped-Decorel_logo_klein.png\",\"width\":320,\"height\":85,\"caption\":\"Decorel\"},\"image\":{\"@id\":\"https:\\\/\\\/www.decorel.ch\\\/#\\\/schema\\\/logo\\\/image\\\/\"}}]}<\/script>\n<!-- \/ Yoast SEO plugin. -->","yoast_head_json":{"title":"Men\u00fc - Varianten - Decorel","description":"Catering - Organisation - Dekoration. Catering Region Schaffhausen, Winterthur und Frauenfeld. Speziell und indivduell, Augenschmaus und Gaumentanz, klein aber fein. Das Decorel Dream-Team Marisabel Widmer und Nicole Uehlinger.","robots":{"index":"index","follow":"follow","max-snippet":"max-snippet:-1","max-image-preview":"max-image-preview:large","max-video-preview":"max-video-preview:-1"},"canonical":"https:\/\/www.decorel.ch\/?page_id=192","og_locale":"de_DE","og_type":"article","og_title":"Men\u00fc - Varianten - Decorel","og_description":"Catering - Organisation - Dekoration. Catering Region Schaffhausen, Winterthur und Frauenfeld. Speziell und indivduell, Augenschmaus und Gaumentanz, klein aber fein. Das Decorel Dream-Team Marisabel Widmer und Nicole Uehlinger.","og_url":"https:\/\/www.decorel.ch\/?page_id=192","og_site_name":"Decorel","article_modified_time":"2022-11-02T14:20:20+00:00","twitter_card":"summary_large_image","twitter_misc":{"Gesch\u00e4tzte Lesezeit":"1\u00a0Minute"},"schema":{"@context":"https:\/\/schema.org","@graph":[{"@type":"WebPage","@id":"https:\/\/www.decorel.ch\/?page_id=192","url":"https:\/\/www.decorel.ch\/?page_id=192","name":"Men\u00fc - Varianten - Decorel","isPartOf":{"@id":"https:\/\/www.decorel.ch\/#website"},"datePublished":"2022-10-16T18:25:13+00:00","dateModified":"2022-11-02T14:20:20+00:00","description":"Catering - Organisation - Dekoration. Catering Region Schaffhausen, Winterthur und Frauenfeld. Speziell und indivduell, Augenschmaus und Gaumentanz, klein aber fein. Das Decorel Dream-Team Marisabel Widmer und Nicole Uehlinger.","breadcrumb":{"@id":"https:\/\/www.decorel.ch\/?page_id=192#breadcrumb"},"inLanguage":"de-CH","potentialAction":[{"@type":"ReadAction","target":["https:\/\/www.decorel.ch\/?page_id=192"]}]},{"@type":"BreadcrumbList","@id":"https:\/\/www.decorel.ch\/?page_id=192#breadcrumb","itemListElement":[{"@type":"ListItem","position":1,"name":"Home","item":"https:\/\/www.decorel.ch\/"},{"@type":"ListItem","position":2,"name":"Men\u00fc &#8211; Varianten"}]},{"@type":"WebSite","@id":"https:\/\/www.decorel.ch\/#website","url":"https:\/\/www.decorel.ch\/","name":"Decorel","description":"","publisher":{"@id":"https:\/\/www.decorel.ch\/#organization"},"potentialAction":[{"@type":"SearchAction","target":{"@type":"EntryPoint","urlTemplate":"https:\/\/www.decorel.ch\/?s={search_term_string}"},"query-input":{"@type":"PropertyValueSpecification","valueRequired":true,"valueName":"search_term_string"}}],"inLanguage":"de-CH"},{"@type":"Organization","@id":"https:\/\/www.decorel.ch\/#organization","name":"Decorel","alternateName":"Marisabel Nicole","url":"https:\/\/www.decorel.ch\/","logo":{"@type":"ImageObject","inLanguage":"de-CH","@id":"https:\/\/www.decorel.ch\/#\/schema\/logo\/image\/","url":"https:\/\/www.decorel.ch\/wp-content\/uploads\/2022\/10\/cropped-Decorel_logo_klein.png","contentUrl":"https:\/\/www.decorel.ch\/wp-content\/uploads\/2022\/10\/cropped-Decorel_logo_klein.png","width":320,"height":85,"caption":"Decorel"},"image":{"@id":"https:\/\/www.decorel.ch\/#\/schema\/logo\/image\/"}}]}},"_links":{"self":[{"href":"https:\/\/www.decorel.ch\/index.php?rest_route=\/wp\/v2\/pages\/192","targetHints":{"allow":["GET"]}}],"collection":[{"href":"https:\/\/www.decorel.ch\/index.php?rest_route=\/wp\/v2\/pages"}],"about":[{"href":"https:\/\/www.decorel.ch\/index.php?rest_route=\/wp\/v2\/types\/page"}],"author":[{"embeddable":true,"href":"https:\/\/www.decorel.ch\/index.php?rest_route=\/wp\/v2\/users\/1"}],"replies":[{"embeddable":true,"href":"https:\/\/www.decorel.ch\/index.php?rest_route=%2Fwp%2Fv2%2Fcomments&post=192"}],"version-history":[{"count":58,"href":"https:\/\/www.decorel.ch\/index.php?rest_route=\/wp\/v2\/pages\/192\/revisions"}],"predecessor-version":[{"id":331,"href":"https:\/\/www.decorel.ch\/index.php?rest_route=\/wp\/v2\/pages\/192\/revisions\/331"}],"wp:attachment":[{"href":"https:\/\/www.decorel.ch\/index.php?rest_route=%2Fwp%2Fv2%2Fmedia&parent=192"}],"curies":[{"name":"wp","href":"https:\/\/api.w.org\/{rel}","templated":true}]}}